{"id":3939,"date":"2023-03-21T10:40:33","date_gmt":"2023-03-21T09:40:33","guid":{"rendered":"https:\/\/lohalshavn.dk\/?page_id=3939"},"modified":"2023-05-31T07:11:59","modified_gmt":"2023-05-31T05:11:59","slug":"holms-cafe","status":"publish","type":"page","link":"https:\/\/lohalshavn.dk\/index.php\/holms-cafe\/","title":{"rendered":"Holms Caf\u00e9"},"content":{"rendered":"\n<div class=\"wp-block-media-text alignwide is-stacked-on-mobile\" style=\"grid-template-columns:41% auto\"><figure class=\"wp-block-media-text__media\"><img data-opt-id=1803227167  fetchpriority=\"high\" decoding=\"async\" src=\"https:\/\/mlmjbfi5rhxe.i.optimole.com\/cb:8Eyi.1d8\/w:auto\/h:auto\/q:mauto\/ig:avif\/https:\/\/lohalshavn.dk\/wp-content\/uploads\/2023\/03\/295492_holms-food-truck.webp\" alt=\"\" class=\"wp-image-3941 size-full\"\/><\/figure><div class=\"wp-block-media-text__content\">\n<h2 class=\"wp-block-heading\">Tag plads i &#8220;strand-cafeen&#8221;<\/h2>\n\n\n\n<p>HOLMs &#8220;strand-cafe'&#8221; byder velkommen &#8211; her kan du sidde udend\u00f8rs eller g\u00e5 i l\u00e6 for vind og vejr i de sm\u00e5 hyggelige orangerier.\u00a0<\/p>\n\n\n\n<p>Her bliver der serveret varme og kolde drikke, menuen st\u00e5r p\u00e5 lette retter samt kage.&nbsp;<\/p>\n\n\n\n<p>Se \u00e5bningstider og nyheder p\u00e5&nbsp;<a href=\"https:\/\/www.facebook.com\/profile.php?id=100087666506585\" target=\"_blank\" rel=\"noreferrer noopener\">HOLMs Facebookside<\/a>.<\/p>\n<\/div><\/div>\n","protected":false},"excerpt":{"rendered":"<p>Tag plads i &#8220;strand-cafeen&#8221; HOLMs &#8220;strand-cafe&#8217;&#8221; byder velkommen &#8211; her kan du sidde udend\u00f8rs eller g\u00e5 i l\u00e6 for vind og vejr i de sm\u00e5 hyggelige orangerier.\u00a0 Her bliver der serveret varme og kolde drikke, menuen st\u00e5r p\u00e5 lette retter samt kage.&nbsp; Se \u00e5bningstider og nyheder p\u00e5&nbsp;HOLMs Facebookside.<\/p>\n","protected":false},"author":2,"featured_media":0,"parent":0,"menu_order":0,"comment_status":"closed","ping_status":"closed","template":"","meta":{"inline_featured_image":false,"two_page_speed":[],"footnotes":""},"class_list":["post-3939","page","type-page","status-publish","hentry","entry"],"jetpack_sharing_enabled":true,"_links":{"self":[{"href":"https:\/\/lohalshavn.dk\/index.php\/wp-json\/wp\/v2\/pages\/3939","targetHints":{"allow":["GET"]}}],"collection":[{"href":"https:\/\/lohalshavn.dk\/index.php\/wp-json\/wp\/v2\/pages"}],"about":[{"href":"https:\/\/lohalshavn.dk\/index.php\/wp-json\/wp\/v2\/types\/page"}],"author":[{"embeddable":true,"href":"https:\/\/lohalshavn.dk\/index.php\/wp-json\/wp\/v2\/users\/2"}],"replies":[{"embeddable":true,"href":"https:\/\/lohalshavn.dk\/index.php\/wp-json\/wp\/v2\/comments?post=3939"}],"version-history":[{"count":0,"href":"https:\/\/lohalshavn.dk\/index.php\/wp-json\/wp\/v2\/pages\/3939\/revisions"}],"wp:attachment":[{"href":"https:\/\/lohalshavn.dk\/index.php\/wp-json\/wp\/v2\/media?parent=3939"}],"curies":[{"name":"wp","href":"https:\/\/api.w.org\/{rel}","templated":true}]}}