{"id":613,"date":"2022-04-24T14:01:20","date_gmt":"2022-04-24T12:01:20","guid":{"rendered":"https:\/\/lohalshavn.stampe-hjorth.dk\/?page_id=613"},"modified":"2022-11-13T14:41:43","modified_gmt":"2022-11-13T13:41:43","slug":"for-boern","status":"publish","type":"page","link":"https:\/\/lohalshavn.dk\/index.php\/for-boern\/","title":{"rendered":"For b\u00f8rn"},"content":{"rendered":"\n<div style=\"height:80px\" aria-hidden=\"true\" class=\"wp-block-spacer\"><\/div>\n\n\n\n<div class=\"wp-block-buttons is-content-justification-center is-layout-flex wp-container-core-buttons-is-layout-a89b3969 wp-block-buttons-is-layout-flex\">\n<div class=\"wp-block-button\"><a class=\"wp-block-button__link wp-element-button\" href=\"https:\/\/lohalshavn.dk\/index.php\/aktiviteter\/\">Tilbage<\/a><\/div>\n\n\n\n<div class=\"wp-block-button\"><a class=\"wp-block-button__link wp-element-button\" href=\"https:\/\/lohalshavn.dk\/index.php\/info-om-havnen\/\">tilbage til menu<\/a><\/div>\n<\/div>\n\n\n\n<div class=\"wp-block-media-text alignwide has-media-on-the-right is-stacked-on-mobile is-vertically-aligned-center is-style-tw-hard-shadow\" style=\"grid-template-columns:auto 51%\" id=\"for-b\u00f8rn\"><div class=\"wp-block-media-text__content\">\n<p id=\"for-b\u00f8rn\" style=\"font-size:25px\">I den sydlige ende af havnen er der en udfordrings legeplads med vippe, gynge, legeskib, balancebom m.m. I forbindelse med legepladsen er der ogs\u00e5 trampolin og soppebassin.<\/p>\n\n\n\n<p><\/p>\n<\/div><figure class=\"wp-block-media-text__media\"><img data-opt-id=1887430  fetchpriority=\"high\" decoding=\"async\" width=\"800\" height=\"600\" src=\"https:\/\/mlmjbfi5rhxe.i.optimole.com\/cb:8Eyi.1d8\/w:auto\/h:auto\/q:mauto\/ig:avif\/https:\/\/lohalshavn.dk\/wp-content\/uploads\/2022\/07\/trampolin.jpg\" alt=\"\" class=\"wp-image-3042 size-full\" srcset=\"https:\/\/mlmjbfi5rhxe.i.optimole.com\/cb:8Eyi.1d8\/w:800\/h:600\/q:mauto\/ig:avif\/https:\/\/lohalshavn.dk\/wp-content\/uploads\/2022\/07\/trampolin.jpg 800w, https:\/\/mlmjbfi5rhxe.i.optimole.com\/cb:8Eyi.1d8\/w:300\/h:225\/q:mauto\/ig:avif\/https:\/\/lohalshavn.dk\/wp-content\/uploads\/2022\/07\/trampolin.jpg 300w, https:\/\/mlmjbfi5rhxe.i.optimole.com\/cb:8Eyi.1d8\/w:768\/h:576\/q:mauto\/ig:avif\/https:\/\/lohalshavn.dk\/wp-content\/uploads\/2022\/07\/trampolin.jpg 768w\" sizes=\"(max-width: 800px) 100vw, 800px\" \/><\/figure><\/div>\n\n\n\n<div class=\"wp-block-media-text alignwide is-stacked-on-mobile is-style-tw-hard-shadow\"><figure class=\"wp-block-media-text__media\"><img data-opt-id=2050501523  fetchpriority=\"high\" decoding=\"async\" width=\"1024\" height=\"768\" src=\"https:\/\/mlmjbfi5rhxe.i.optimole.com\/cb:8Eyi.1d8\/w:1024\/h:768\/q:mauto\/ig:avif\/https:\/\/lohalshavn.dk\/wp-content\/uploads\/2022\/06\/krabbefisker.jpg\" alt=\"\" class=\"wp-image-2804 size-full\" srcset=\"https:\/\/mlmjbfi5rhxe.i.optimole.com\/cb:8Eyi.1d8\/w:1024\/h:768\/q:mauto\/ig:avif\/https:\/\/lohalshavn.dk\/wp-content\/uploads\/2022\/06\/krabbefisker.jpg 1024w, https:\/\/mlmjbfi5rhxe.i.optimole.com\/cb:8Eyi.1d8\/w:300\/h:225\/q:mauto\/ig:avif\/https:\/\/lohalshavn.dk\/wp-content\/uploads\/2022\/06\/krabbefisker.jpg 300w, https:\/\/mlmjbfi5rhxe.i.optimole.com\/cb:8Eyi.1d8\/w:768\/h:576\/q:mauto\/ig:avif\/https:\/\/lohalshavn.dk\/wp-content\/uploads\/2022\/06\/krabbefisker.jpg 768w, https:\/\/mlmjbfi5rhxe.i.optimole.com\/cb:8Eyi.1d8\/w:1280\/h:960\/q:mauto\/ig:avif\/https:\/\/lohalshavn.dk\/wp-content\/uploads\/2022\/06\/krabbefisker.jpg 1280w\" sizes=\"(max-width: 1000px) 100vw, 1000px\" \/><\/figure><div class=\"wp-block-media-text__content\">\n<p style=\"font-size:25px\">I havnebassinet ved Banjen, ligger en flydepram, &#8220;Krabben&#8221;, hvorfra man kan fiske krabber og sm\u00e5fisk.<\/p>\n<\/div><\/div>\n\n\n\n<div class=\"wp-block-media-text alignwide has-media-on-the-right is-stacked-on-mobile is-style-tw-hard-shadow\"><div class=\"wp-block-media-text__content\">\n<p style=\"font-size:25px\">Ved Banjen, ved siden af k\u00f8kkenet, er der placeret en stor kasse der indeholder fiskenet, rejenet, sm\u00e5 krabbefiskest\u00e6nger og undervandskikkerter, alt sammen kan du frit l\u00e5ne, f.eks. til krabbefiskeri.<\/p>\n<\/div><figure class=\"wp-block-media-text__media\"><img data-opt-id=998740004  data-opt-src=\"https:\/\/mlmjbfi5rhxe.i.optimole.com\/cb:8Eyi.1d8\/w:auto\/h:auto\/q:mauto\/ig:avif\/https:\/\/lohalshavn.dk\/wp-content\/uploads\/2022\/07\/grejkasse.jpg\"  decoding=\"async\" width=\"768\" height=\"1024\" src=\"data:image/svg+xml,%3Csvg%20viewBox%3D%220%200%20100%%20100%%22%20width%3D%22100%%22%20height%3D%22100%%22%20xmlns%3D%22http%3A%2F%2Fwww.w3.org%2F2000%2Fsvg%22%3E%3Crect%20width%3D%22100%%22%20height%3D%22100%%22%20fill%3D%22transparent%22%2F%3E%3C%2Fsvg%3E\" alt=\"\" class=\"wp-image-3039 size-full\" old-srcset=\"https:\/\/mlmjbfi5rhxe.i.optimole.com\/cb:8Eyi.1d8\/w:768\/h:1024\/q:mauto\/ig:avif\/https:\/\/lohalshavn.dk\/wp-content\/uploads\/2022\/07\/grejkasse.jpg 768w, https:\/\/mlmjbfi5rhxe.i.optimole.com\/cb:8Eyi.1d8\/w:225\/h:300\/q:mauto\/ig:avif\/https:\/\/lohalshavn.dk\/wp-content\/uploads\/2022\/07\/grejkasse.jpg 225w\" \/><\/figure><\/div>\n\n\n\n<div class=\"wp-block-media-text alignwide is-stacked-on-mobile is-style-tw-hard-shadow\"><figure class=\"wp-block-media-text__media\"><img data-opt-id=277355653  data-opt-src=\"https:\/\/mlmjbfi5rhxe.i.optimole.com\/cb:8Eyi.1d8\/w:1024\/h:576\/q:mauto\/ig:avif\/https:\/\/lohalshavn.dk\/wp-content\/uploads\/2022\/05\/Baad-.jpg\"  decoding=\"async\" width=\"1024\" height=\"576\" src=\"data:image/svg+xml,%3Csvg%20viewBox%3D%220%200%201024%20576%22%20width%3D%221024%22%20height%3D%22576%22%20xmlns%3D%22http%3A%2F%2Fwww.w3.org%2F2000%2Fsvg%22%3E%3Crect%20width%3D%221024%22%20height%3D%22576%22%20fill%3D%22transparent%22%2F%3E%3C%2Fsvg%3E\" alt=\"\" class=\"wp-image-2632 size-full\" old-srcset=\"https:\/\/mlmjbfi5rhxe.i.optimole.com\/cb:8Eyi.1d8\/w:1024\/h:576\/q:mauto\/ig:avif\/https:\/\/lohalshavn.dk\/wp-content\/uploads\/2022\/05\/Baad--scaled.jpg 1024w, https:\/\/mlmjbfi5rhxe.i.optimole.com\/cb:8Eyi.1d8\/w:300\/h:169\/q:mauto\/ig:avif\/https:\/\/lohalshavn.dk\/wp-content\/uploads\/2022\/05\/Baad--scaled.jpg 300w, https:\/\/mlmjbfi5rhxe.i.optimole.com\/cb:8Eyi.1d8\/w:768\/h:432\/q:mauto\/ig:avif\/https:\/\/lohalshavn.dk\/wp-content\/uploads\/2022\/05\/Baad--scaled.jpg 768w, https:\/\/mlmjbfi5rhxe.i.optimole.com\/cb:8Eyi.1d8\/w:1536\/h:864\/q:mauto\/ig:avif\/https:\/\/lohalshavn.dk\/wp-content\/uploads\/2022\/05\/Baad--scaled.jpg 1536w, https:\/\/mlmjbfi5rhxe.i.optimole.com\/cb:8Eyi.1d8\/w:1920\/h:1080\/q:mauto\/ig:avif\/https:\/\/lohalshavn.dk\/wp-content\/uploads\/2022\/05\/Baad--scaled.jpg 2048w, https:\/\/mlmjbfi5rhxe.i.optimole.com\/cb:8Eyi.1d8\/w:1568\/h:882\/q:mauto\/ig:avif\/https:\/\/lohalshavn.dk\/wp-content\/uploads\/2022\/05\/Baad--scaled.jpg 1568w\" \/><\/figure><div class=\"wp-block-media-text__content\">\n<p style=\"font-size:25px\">Der er flere steder i havnen, opsat historiske b\u00e5de op. Alle b\u00e5dene er bygget p\u00e5 det gl. b\u00e5dev\u00e6rft som l\u00e5 i Lohals. Det er tilladt for b\u00f8rn at g\u00e5 ombord og lege s\u00f8m\u00e6nd og kaptainer.<\/p>\n<\/div><\/div>\n\n\n\n<figure class=\"wp-block-image size-large is-style-tw-hard-shadow\"><img data-opt-id=1294067978  data-opt-src=\"https:\/\/mlmjbfi5rhxe.i.optimole.com\/cb:8Eyi.1d8\/w:1024\/h:768\/q:mauto\/ig:avif\/https:\/\/lohalshavn.dk\/wp-content\/uploads\/2022\/06\/legebaad.jpg\"  decoding=\"async\" width=\"1024\" height=\"768\" src=\"data:image/svg+xml,%3Csvg%20viewBox%3D%220%200%201024%20768%22%20width%3D%221024%22%20height%3D%22768%22%20xmlns%3D%22http%3A%2F%2Fwww.w3.org%2F2000%2Fsvg%22%3E%3Crect%20width%3D%221024%22%20height%3D%22768%22%20fill%3D%22transparent%22%2F%3E%3C%2Fsvg%3E\" alt=\"\" class=\"wp-image-2805\" old-srcset=\"https:\/\/mlmjbfi5rhxe.i.optimole.com\/cb:8Eyi.1d8\/w:1024\/h:768\/q:mauto\/ig:avif\/https:\/\/lohalshavn.dk\/wp-content\/uploads\/2022\/06\/legebaad.jpg 1024w, https:\/\/mlmjbfi5rhxe.i.optimole.com\/cb:8Eyi.1d8\/w:300\/h:225\/q:mauto\/ig:avif\/https:\/\/lohalshavn.dk\/wp-content\/uploads\/2022\/06\/legebaad.jpg 300w, https:\/\/mlmjbfi5rhxe.i.optimole.com\/cb:8Eyi.1d8\/w:768\/h:576\/q:mauto\/ig:avif\/https:\/\/lohalshavn.dk\/wp-content\/uploads\/2022\/06\/legebaad.jpg 768w, https:\/\/mlmjbfi5rhxe.i.optimole.com\/cb:8Eyi.1d8\/w:1280\/h:960\/q:mauto\/ig:avif\/https:\/\/lohalshavn.dk\/wp-content\/uploads\/2022\/06\/legebaad.jpg 1280w\" \/><\/figure>\n\n\n\n<div class=\"wp-block-buttons alignfull is-content-justification-center is-layout-flex wp-container-core-buttons-is-layout-a89b3969 wp-block-buttons-is-layout-flex\">\n<div class=\"wp-block-button\"><a class=\"wp-block-button__link wp-element-button\" href=\"https:\/\/lohalshavn.dk\/index.php\/aktiviteter\/\">tilbage<\/a><\/div>\n<\/div>\n","protected":false},"excerpt":{"rendered":"<p>I den sydlige ende af havnen er der en udfordrings legeplads med vippe, gynge, legeskib, balancebom m.m. I forbindelse med legepladsen er der ogs\u00e5 trampolin og soppebassin. I havnebassinet ved Banjen, ligger en flydepram, &#8220;Krabben&#8221;, hvorfra man kan fiske krabber og sm\u00e5fisk. Ved Banjen, ved siden af k\u00f8kkenet, er der placeret en stor kasse der&hellip; <a class=\"more-link\" href=\"https:\/\/lohalshavn.dk\/index.php\/for-boern\/\">L\u00e6s mere <span class=\"screen-reader-text\">For b\u00f8rn<\/span><\/a><\/p>\n","protected":false},"author":2,"featured_media":0,"parent":0,"menu_order":0,"comment_status":"closed","ping_status":"closed","template":"tw-header-transparent.php","meta":{"inline_featured_image":false,"two_page_speed":[],"footnotes":""},"class_list":["post-613","page","type-page","status-publish","hentry","entry"],"jetpack_sharing_enabled":true,"_links":{"self":[{"href":"https:\/\/lohalshavn.dk\/index.php\/wp-json\/wp\/v2\/pages\/613","targetHints":{"allow":["GET"]}}],"collection":[{"href":"https:\/\/lohalshavn.dk\/index.php\/wp-json\/wp\/v2\/pages"}],"about":[{"href":"https:\/\/lohalshavn.dk\/index.php\/wp-json\/wp\/v2\/types\/page"}],"author":[{"embeddable":true,"href":"https:\/\/lohalshavn.dk\/index.php\/wp-json\/wp\/v2\/users\/2"}],"replies":[{"embeddable":true,"href":"https:\/\/lohalshavn.dk\/index.php\/wp-json\/wp\/v2\/comments?post=613"}],"version-history":[{"count":0,"href":"https:\/\/lohalshavn.dk\/index.php\/wp-json\/wp\/v2\/pages\/613\/revisions"}],"wp:attachment":[{"href":"https:\/\/lohalshavn.dk\/index.php\/wp-json\/wp\/v2\/media?parent=613"}],"curies":[{"name":"wp","href":"https:\/\/api.w.org\/{rel}","templated":true}]}}