{"id":621,"date":"2022-04-24T14:16:44","date_gmt":"2022-04-24T12:16:44","guid":{"rendered":"https:\/\/lohalshavn.stampe-hjorth.dk\/?page_id=621"},"modified":"2024-04-11T22:00:02","modified_gmt":"2024-04-11T20:00:02","slug":"cykler-m-m","status":"publish","type":"page","link":"https:\/\/lohalshavn.dk\/index.php\/cykler-m-m\/","title":{"rendered":"Cykler, paddelboard"},"content":{"rendered":"\n<div style=\"height:80px\" aria-hidden=\"true\" class=\"wp-block-spacer\"><\/div>\n\n\n\n<div class=\"wp-block-buttons is-content-justification-center is-layout-flex wp-container-core-buttons-is-layout-a89b3969 wp-block-buttons-is-layout-flex\">\n<div class=\"wp-block-button\"><a class=\"wp-block-button__link wp-element-button\" href=\"https:\/\/lohalshavn.dk\/index.php\/aktiviteter\/\">tilbage<\/a><\/div>\n\n\n\n<div class=\"wp-block-button\"><a class=\"wp-block-button__link wp-element-button\" href=\"https:\/\/lohalshavn.dk\/index.php\/info-om-havnen\/\">tilbage til menu<\/a><\/div>\n<\/div>\n\n\n\n<div class=\"wp-block-media-text alignwide is-stacked-on-mobile is-style-tw-hard-shadow\" id=\"cykel\"><figure class=\"wp-block-media-text__media\"><img data-opt-id=607335716  fetchpriority=\"high\" decoding=\"async\" width=\"1024\" height=\"576\" src=\"https:\/\/mlmjbfi5rhxe.i.optimole.com\/cb:8Eyi.1d8\/w:1024\/h:576\/q:mauto\/ig:avif\/https:\/\/lohalshavn.dk\/wp-content\/uploads\/2022\/05\/20220513_091822.jpg\" alt=\"\" class=\"wp-image-2377 size-full\" srcset=\"https:\/\/mlmjbfi5rhxe.i.optimole.com\/cb:8Eyi.1d8\/w:1024\/h:576\/q:mauto\/ig:avif\/https:\/\/lohalshavn.dk\/wp-content\/uploads\/2022\/05\/20220513_091822.jpg 1024w, https:\/\/mlmjbfi5rhxe.i.optimole.com\/cb:8Eyi.1d8\/w:300\/h:169\/q:mauto\/ig:avif\/https:\/\/lohalshavn.dk\/wp-content\/uploads\/2022\/05\/20220513_091822.jpg 300w, https:\/\/mlmjbfi5rhxe.i.optimole.com\/cb:8Eyi.1d8\/w:768\/h:432\/q:mauto\/ig:avif\/https:\/\/lohalshavn.dk\/wp-content\/uploads\/2022\/05\/20220513_091822.jpg 768w, https:\/\/mlmjbfi5rhxe.i.optimole.com\/cb:8Eyi.1d8\/w:1536\/h:864\/q:mauto\/ig:avif\/https:\/\/lohalshavn.dk\/wp-content\/uploads\/2022\/05\/20220513_091822.jpg 1536w, https:\/\/mlmjbfi5rhxe.i.optimole.com\/cb:8Eyi.1d8\/w:1568\/h:882\/q:mauto\/ig:avif\/https:\/\/lohalshavn.dk\/wp-content\/uploads\/2022\/05\/20220513_091822.jpg 1568w, https:\/\/mlmjbfi5rhxe.i.optimole.com\/cb:8Eyi.1d8\/w:1600\/h:900\/q:mauto\/ig:avif\/https:\/\/lohalshavn.dk\/wp-content\/uploads\/2022\/05\/20220513_091822.jpg 1600w\" sizes=\"(max-width: 1000px) 100vw, 1000px\" \/><\/figure><div class=\"wp-block-media-text__content\">\n<p class=\"has-black-color has-text-color\" id=\"cykler\" style=\"font-size:25px\">For betalende g\u00e6ster i havnen, er der mulighed for at l\u00e5ne en cykel. Cyklerne er placeret ved havnekontoret og koden til l\u00e5sen findes p\u00e5 din kvittering.<\/p>\n<\/div><\/div>\n\n\n\n<div class=\"wp-block-media-text alignwide has-media-on-the-right is-stacked-on-mobile is-style-tw-hard-shadow\"><div class=\"wp-block-media-text__content\">\n<p class=\"has-black-color has-text-color\" style=\"font-size:25px\">Det er muligt for betalede g\u00e6ster i havnen, at leje en el-cykel. El-cyklen lejes p\u00e5 havnekontoret og koster kr.: 100,00 pr. dag.<\/p>\n\n\n\n<p style=\"font-size:25px\">For ikke betalende g\u00e6ster er prisen Kr.: 150,00 pr.dag<\/p>\n<\/div><figure class=\"wp-block-media-text__media\"><img data-opt-id=648420707  fetchpriority=\"high\" decoding=\"async\" width=\"1024\" height=\"576\" src=\"https:\/\/mlmjbfi5rhxe.i.optimole.com\/cb:8Eyi.1d8\/w:1024\/h:576\/q:mauto\/ig:avif\/https:\/\/lohalshavn.dk\/wp-content\/uploads\/2022\/05\/20220513_091542.jpg\" alt=\"\" class=\"wp-image-2376 size-full\" srcset=\"https:\/\/mlmjbfi5rhxe.i.optimole.com\/cb:8Eyi.1d8\/w:1024\/h:576\/q:mauto\/ig:avif\/https:\/\/lohalshavn.dk\/wp-content\/uploads\/2022\/05\/20220513_091542.jpg 1024w, https:\/\/mlmjbfi5rhxe.i.optimole.com\/cb:8Eyi.1d8\/w:300\/h:169\/q:mauto\/ig:avif\/https:\/\/lohalshavn.dk\/wp-content\/uploads\/2022\/05\/20220513_091542.jpg 300w, https:\/\/mlmjbfi5rhxe.i.optimole.com\/cb:8Eyi.1d8\/w:768\/h:432\/q:mauto\/ig:avif\/https:\/\/lohalshavn.dk\/wp-content\/uploads\/2022\/05\/20220513_091542.jpg 768w, https:\/\/mlmjbfi5rhxe.i.optimole.com\/cb:8Eyi.1d8\/w:1536\/h:864\/q:mauto\/ig:avif\/https:\/\/lohalshavn.dk\/wp-content\/uploads\/2022\/05\/20220513_091542.jpg 1536w, https:\/\/mlmjbfi5rhxe.i.optimole.com\/cb:8Eyi.1d8\/w:1568\/h:882\/q:mauto\/ig:avif\/https:\/\/lohalshavn.dk\/wp-content\/uploads\/2022\/05\/20220513_091542.jpg 1568w, https:\/\/mlmjbfi5rhxe.i.optimole.com\/cb:8Eyi.1d8\/w:1600\/h:900\/q:mauto\/ig:avif\/https:\/\/lohalshavn.dk\/wp-content\/uploads\/2022\/05\/20220513_091542.jpg 1600w\" sizes=\"(max-width: 1000px) 100vw, 1000px\" \/><\/figure><\/div>\n\n\n\n<div class=\"wp-block-media-text alignwide is-stacked-on-mobile is-style-tw-hard-shadow\"><figure class=\"wp-block-media-text__media\"><img data-opt-id=1437502165  data-opt-src=\"https:\/\/mlmjbfi5rhxe.i.optimole.com\/cb:8Eyi.1d8\/w:1024\/h:576\/q:mauto\/ig:avif\/https:\/\/lohalshavn.dk\/wp-content\/uploads\/2022\/05\/20220513_090850.jpg\"  decoding=\"async\" width=\"1024\" height=\"576\" src=\"data:image/svg+xml,%3Csvg%20viewBox%3D%220%200%201024%20576%22%20width%3D%221024%22%20height%3D%22576%22%20xmlns%3D%22http%3A%2F%2Fwww.w3.org%2F2000%2Fsvg%22%3E%3Crect%20width%3D%221024%22%20height%3D%22576%22%20fill%3D%22transparent%22%2F%3E%3C%2Fsvg%3E\" alt=\"\" class=\"wp-image-2375 size-full\" old-srcset=\"https:\/\/mlmjbfi5rhxe.i.optimole.com\/cb:8Eyi.1d8\/w:1024\/h:576\/q:mauto\/ig:avif\/https:\/\/lohalshavn.dk\/wp-content\/uploads\/2022\/05\/20220513_090850.jpg 1024w, https:\/\/mlmjbfi5rhxe.i.optimole.com\/cb:8Eyi.1d8\/w:300\/h:169\/q:mauto\/ig:avif\/https:\/\/lohalshavn.dk\/wp-content\/uploads\/2022\/05\/20220513_090850.jpg 300w, https:\/\/mlmjbfi5rhxe.i.optimole.com\/cb:8Eyi.1d8\/w:768\/h:432\/q:mauto\/ig:avif\/https:\/\/lohalshavn.dk\/wp-content\/uploads\/2022\/05\/20220513_090850.jpg 768w, https:\/\/mlmjbfi5rhxe.i.optimole.com\/cb:8Eyi.1d8\/w:1536\/h:864\/q:mauto\/ig:avif\/https:\/\/lohalshavn.dk\/wp-content\/uploads\/2022\/05\/20220513_090850.jpg 1536w, https:\/\/mlmjbfi5rhxe.i.optimole.com\/cb:8Eyi.1d8\/w:1568\/h:882\/q:mauto\/ig:avif\/https:\/\/lohalshavn.dk\/wp-content\/uploads\/2022\/05\/20220513_090850.jpg 1568w, https:\/\/mlmjbfi5rhxe.i.optimole.com\/cb:8Eyi.1d8\/w:1600\/h:900\/q:mauto\/ig:avif\/https:\/\/lohalshavn.dk\/wp-content\/uploads\/2022\/05\/20220513_090850.jpg 1600w\" \/><\/figure><div class=\"wp-block-media-text__content\">\n<p style=\"font-size:25px\">Det er muligt for betalende g\u00e6ster i havnen, at leje en el-cargo cykel. El-cargo cyklen lejes p\u00e5 havnekontoret og koster kr.: 100,00 pr.dag<\/p>\n\n\n\n<p style=\"font-size:25px\">For ikke betalede g\u00e6ster er prisen Kr. 150,00 pr.dag<\/p>\n<\/div><\/div>\n\n\n\n<div class=\"wp-block-media-text alignwide has-media-on-the-right is-stacked-on-mobile is-style-tw-hard-shadow\"><div class=\"wp-block-media-text__content\">\n<p style=\"font-size:25px\">Det er muligt for betalende g\u00e6ster i havnen, at leje et paddelboard. Paddelboardet lejes p\u00e5 havnekontoret og koster Kr.: 50,00 pr. dag<\/p>\n\n\n\n<p style=\"font-size:25px\">For ikke betalende g\u00e6ster er prisen Kr.: 75,00 pr.dag<\/p>\n<\/div><figure class=\"wp-block-media-text__media\"><img data-opt-id=1829327689  data-opt-src=\"https:\/\/mlmjbfi5rhxe.i.optimole.com\/cb:8Eyi.1d8\/w:auto\/h:auto\/q:mauto\/ig:avif\/https:\/\/lohalshavn.dk\/wp-content\/uploads\/2022\/05\/paddel_3.jpg\"  decoding=\"async\" width=\"700\" height=\"468\" src=\"data:image/svg+xml,%3Csvg%20viewBox%3D%220%200%20100%%20100%%22%20width%3D%22100%%22%20height%3D%22100%%22%20xmlns%3D%22http%3A%2F%2Fwww.w3.org%2F2000%2Fsvg%22%3E%3Crect%20width%3D%22100%%22%20height%3D%22100%%22%20fill%3D%22transparent%22%2F%3E%3C%2Fsvg%3E\" alt=\"\" class=\"wp-image-2640 size-full\" old-srcset=\"https:\/\/mlmjbfi5rhxe.i.optimole.com\/cb:8Eyi.1d8\/w:700\/h:468\/q:mauto\/ig:avif\/https:\/\/lohalshavn.dk\/wp-content\/uploads\/2022\/05\/paddel_3.jpg 700w, https:\/\/mlmjbfi5rhxe.i.optimole.com\/cb:8Eyi.1d8\/w:300\/h:201\/q:mauto\/ig:avif\/https:\/\/lohalshavn.dk\/wp-content\/uploads\/2022\/05\/paddel_3.jpg 300w\" \/><\/figure><\/div>\n\n\n\n<div class=\"wp-block-buttons is-content-justification-center is-layout-flex wp-container-core-buttons-is-layout-a89b3969 wp-block-buttons-is-layout-flex\">\n<div class=\"wp-block-button\"><a class=\"wp-block-button__link wp-element-button\" href=\"https:\/\/lohalshavn.dk\/index.php\/aktiviteter\/\">tilbage<\/a><\/div>\n<\/div>\n","protected":false},"excerpt":{"rendered":"<p>For betalende g\u00e6ster i havnen, er der mulighed for at l\u00e5ne en cykel. Cyklerne er placeret ved havnekontoret og koden til l\u00e5sen findes p\u00e5 din kvittering. Det er muligt for betalede g\u00e6ster i havnen, at leje en el-cykel. El-cyklen lejes p\u00e5 havnekontoret og koster kr.: 100,00 pr. dag. For ikke betalende g\u00e6ster er prisen Kr.:&hellip; <a class=\"more-link\" href=\"https:\/\/lohalshavn.dk\/index.php\/cykler-m-m\/\">L\u00e6s mere <span class=\"screen-reader-text\">Cykler, paddelboard<\/span><\/a><\/p>\n","protected":false},"author":2,"featured_media":0,"parent":0,"menu_order":0,"comment_status":"closed","ping_status":"closed","template":"tw-header-transparent.php","meta":{"inline_featured_image":false,"two_page_speed":[],"footnotes":""},"class_list":["post-621","page","type-page","status-publish","hentry","entry"],"jetpack_sharing_enabled":true,"_links":{"self":[{"href":"https:\/\/lohalshavn.dk\/index.php\/wp-json\/wp\/v2\/pages\/621","targetHints":{"allow":["GET"]}}],"collection":[{"href":"https:\/\/lohalshavn.dk\/index.php\/wp-json\/wp\/v2\/pages"}],"about":[{"href":"https:\/\/lohalshavn.dk\/index.php\/wp-json\/wp\/v2\/types\/page"}],"author":[{"embeddable":true,"href":"https:\/\/lohalshavn.dk\/index.php\/wp-json\/wp\/v2\/users\/2"}],"replies":[{"embeddable":true,"href":"https:\/\/lohalshavn.dk\/index.php\/wp-json\/wp\/v2\/comments?post=621"}],"version-history":[{"count":1,"href":"https:\/\/lohalshavn.dk\/index.php\/wp-json\/wp\/v2\/pages\/621\/revisions"}],"predecessor-version":[{"id":4545,"href":"https:\/\/lohalshavn.dk\/index.php\/wp-json\/wp\/v2\/pages\/621\/revisions\/4545"}],"wp:attachment":[{"href":"https:\/\/lohalshavn.dk\/index.php\/wp-json\/wp\/v2\/media?parent=621"}],"curies":[{"name":"wp","href":"https:\/\/api.w.org\/{rel}","templated":true}]}}